{"id":4931,"date":"2022-05-19T06:48:19","date_gmt":"2022-05-19T06:48:19","guid":{"rendered":"https:\/\/quedaenvaldeorras.com\/politica-de-cookies\/"},"modified":"2024-07-22T07:15:11","modified_gmt":"2024-07-22T07:15:11","slug":"politica-de-cookies","status":"publish","type":"page","link":"https:\/\/quedaenvaldeorras.com\/es\/politica-de-cookies\/","title":{"rendered":"Pol\u00edtica de cookies"},"content":{"rendered":"<h1>Pol\u00edtica de cookies<\/h1>\n<p>Una <em>cookie<\/em> es un peque\u00f1o archivo de texto que se almacena en su navegador cuando visita casi cualquier p\u00e1gina web. Su utilidad es que la web sea capaz de recordar su visita cuando vuelva a navegar por esa p\u00e1gina. <em>Las cookies<\/em> suelen almacenar informaci\u00f3n t\u00e9cnica, preferencias personales, personalizaci\u00f3n de contenidos, estad\u00edsticas de uso, enlaces a redes sociales, acceso a cuentas de usuario, etc. El objetivo de la <em>cookie<\/em> es adaptar el contenido de la web a tu perfil y necesidades, sin <em>cookies<\/em> los servicios que ofrece cualquier p\u00e1gina se ver\u00edan significativamente reducidos. Si desea consultar m\u00e1s informaci\u00f3n sobre qu\u00e9 son <em>las cookies<\/em> , qu\u00e9 almacenan, c\u00f3mo eliminarlas, desactivarlas, etc., <a href=\"https:\/\/quedaenvaldeorras.com\/mas-informacion-sobre-las-cookies\/\">le rogamos se dirija a este enlace.<\/a><\/p>\n<h2>Cookies utilizadas en este sitio web<\/h2>\n<p>Siguiendo las directrices de la Agencia Espa\u00f1ola de Protecci\u00f3n de Datos procedemos a detallar el uso de <em>cookies<\/em> que hace este sitio web con el fin de informarle con la m\u00e1xima exactitud posible.<\/p>\n<p>Este sitio web utiliza las siguientes <strong>cookies propias<\/strong> :<\/p>\n<ul>\n<li>Cookies de sesi\u00f3n, para garantizar que los usuarios que escriben comentarios en el blog son humanos y no aplicaciones automatizadas. De esta forma se combate <em>el spam<\/em> .<\/li>\n<\/ul>\n<p>Este sitio web utiliza las siguientes <strong>cookies de terceros<\/strong> :<\/p>\n<ul>\n<li>Google Analytics: Almacena <em>cookies<\/em> para poder elaborar estad\u00edsticas sobre el tr\u00e1fico y volumen de visitas de este sitio web. Al utilizar este sitio web usted est\u00e1 consintiendo el tratamiento de informaci\u00f3n acerca de usted por parte de Google. Por tanto, el ejercicio de cualquier derecho en este sentido deber\u00e1 hacerlo comunicando directamente con Google.<\/li>\n<li>Redes sociales: Cada red social utiliza sus propias <em>cookies<\/em> para que puedas pinchar en los botones <em>Me gusta<\/em> o <em>Compartir<\/em> .<\/li>\n<\/ul>\n<h2>Desactivaci\u00f3n o eliminaci\u00f3n de cookies<\/h2>\n<p>En cualquier momento podr\u00e1 ejercer su derecho de desactivaci\u00f3n o eliminaci\u00f3n de cookies de este sitio web. Estas acciones se realizan de manera diferente seg\u00fan el navegador que est\u00e9 utilizando. <a href=\"https:\/\/quedaenvaldeorras.com\/mas-informacion-sobre-las-cookies\/#navegadores\">Aqu\u00ed hay una gu\u00eda r\u00e1pida de los navegadores m\u00e1s populares<\/a> .<\/p>\n<h2>Notas adicionales<\/h2>\n<ul>\n<li>Ni esta web ni sus representantes legales se hacen responsables ni del contenido ni de la veracidad de las pol\u00edticas de privacidad que puedan tener los terceros mencionados en esta pol\u00edtica <em>de cookies<\/em> .<\/li>\n<li>Los navegadores web son las herramientas encargadas de almacenar <em>las cookies<\/em> y desde este lugar debe efectuar su derecho a eliminaci\u00f3n o desactivaci\u00f3n de las mismas. Ni esta web ni sus representantes legales pueden garantizar la correcta o incorrecta manipulaci\u00f3n de <em>las cookies<\/em> por parte de los citados navegadores.<\/li>\n<li>En algunos casos es necesario instalar <em>cookies<\/em> para que el navegador no olvide su decisi\u00f3n de no aceptaci\u00f3n de las mismas.<\/li>\n<li>En el caso de <em>las cookies<\/em> de Google Analytics, esta empresa almacena <em>las cookies<\/em> en servidores ubicados en Estados Unidos y se compromete a no compartirlas con terceros, excepto en los casos en que sea necesario para el funcionamiento del sistema o cuando la ley obligue a tal efecto. . Seg\u00fan Google, su direcci\u00f3n IP no se almacena. Corporaci\u00f3n Google. es una empresa adherida al Acuerdo de Puerto Seguro que garantiza que todos los datos transferidos ser\u00e1n tratados con un nivel de protecci\u00f3n acorde a la normativa europea. Si desea informaci\u00f3n sobre el uso que Google hace de las cookies <a href=\"https:\/\/developers.google.com\/analytics\/devguides\/collection\/analyticsjs\/cookie-usage?hl=es&amp;csw=1\" target=\"_blank\" rel=\"noopener\">, le adjuntamos este enlace<\/a> .<\/li>\n<li>Para cualquier duda o consulta acerca de esta pol\u00edtica <em>de cookies<\/em> no dude en comunicarse con nosotros a trav\u00e9s de la secci\u00f3n de contacto.<\/li>\n<\/ul>\n<p>&nbsp;<\/p>\n","protected":false},"excerpt":{"rendered":"<p>Pol\u00edtica de cookies Una cookie es un peque\u00f1o archivo de texto que se almacena en su navegador cuando visita casi cualquier p\u00e1gina web. Su utilidad es que la web sea capaz de recordar su visita cuando vuelva a navegar por esa p\u00e1gina. Las cookies suelen almacenar [&hellip;]<\/p>\n","protected":false},"author":2,"featured_media":0,"parent":0,"menu_order":0,"comment_status":"closed","ping_status":"closed","template":"","meta":{"footnotes":""},"class_list":["post-4931","page","type-page","status-publish","hentry"],"yoast_head":"<!-- This site is optimized with the Yoast SEO plugin v27.2 - https:\/\/yoast.com\/product\/yoast-seo-wordpress\/ -->\n<title>Pol\u00edtica de cookies - Queda en Valdeorras<\/title>\n<meta name=\"robots\" content=\"noindex, nofollow\" \/>\n<meta property=\"og:locale\" content=\"es_ES\" \/>\n<meta property=\"og:type\" content=\"article\" \/>\n<meta property=\"og:title\" content=\"Pol\u00edtica de cookies - Queda en Valdeorras\" \/>\n<meta property=\"og:description\" content=\"Pol\u00edtica de cookies Una cookie es un peque\u00f1o archivo de texto que se almacena en su navegador cuando visita casi cualquier p\u00e1gina web. Su utilidad es que la web sea capaz de recordar su visita cuando vuelva a navegar por esa p\u00e1gina. Las cookies suelen almacenar [&hellip;]\" \/>\n<meta property=\"og:url\" content=\"https:\/\/quedaenvaldeorras.com\/es\/politica-de-cookies\/\" \/>\n<meta property=\"og:site_name\" content=\"Queda en Valdeorras\" \/>\n<meta property=\"article:publisher\" content=\"https:\/\/www.facebook.com\/quedaenvaldeorras\/\" \/>\n<meta property=\"article:modified_time\" content=\"2024-07-22T07:15:11+00:00\" \/>\n<meta property=\"og:image\" content=\"https:\/\/quedaenvaldeorras.com\/wp-content\/uploads\/2023\/05\/queda_en_valdeorras.jpg\" \/>\n\t<meta property=\"og:image:width\" content=\"1200\" \/>\n\t<meta property=\"og:image:height\" content=\"628\" \/>\n\t<meta property=\"og:image:type\" content=\"image\/jpeg\" \/>\n<meta name=\"twitter:card\" content=\"summary_large_image\" \/>\n<script type=\"application\/ld+json\" class=\"yoast-schema-graph\">{\"@context\":\"https:\/\/schema.org\",\"@graph\":[{\"@type\":\"WebPage\",\"@id\":\"https:\/\/quedaenvaldeorras.com\/es\/politica-de-cookies\/\",\"url\":\"https:\/\/quedaenvaldeorras.com\/es\/politica-de-cookies\/\",\"name\":\"Pol\u00edtica de cookies - Queda en Valdeorras\",\"isPartOf\":{\"@id\":\"https:\/\/quedaenvaldeorras.com\/#website\"},\"datePublished\":\"2022-05-19T06:48:19+00:00\",\"dateModified\":\"2024-07-22T07:15:11+00:00\",\"breadcrumb\":{\"@id\":\"https:\/\/quedaenvaldeorras.com\/es\/politica-de-cookies\/#breadcrumb\"},\"inLanguage\":\"es\",\"potentialAction\":[{\"@type\":\"ReadAction\",\"target\":[\"https:\/\/quedaenvaldeorras.com\/es\/politica-de-cookies\/\"]}]},{\"@type\":\"BreadcrumbList\",\"@id\":\"https:\/\/quedaenvaldeorras.com\/es\/politica-de-cookies\/#breadcrumb\",\"itemListElement\":[{\"@type\":\"ListItem\",\"position\":1,\"name\":\"Portada\",\"item\":\"https:\/\/quedaenvaldeorras.com\/es\/\"},{\"@type\":\"ListItem\",\"position\":2,\"name\":\"Pol\u00edtica de cookies\"}]},{\"@type\":\"WebSite\",\"@id\":\"https:\/\/quedaenvaldeorras.com\/#website\",\"url\":\"https:\/\/quedaenvaldeorras.com\/\",\"name\":\"Queda en Valdeorras\",\"description\":\"Informaci&oacute;n tur&iacute;stica e de servizos sobre a comarca de Valdeorras\",\"publisher\":{\"@id\":\"https:\/\/quedaenvaldeorras.com\/#organization\"},\"potentialAction\":[{\"@type\":\"SearchAction\",\"target\":{\"@type\":\"EntryPoint\",\"urlTemplate\":\"https:\/\/quedaenvaldeorras.com\/?s={search_term_string}\"},\"query-input\":{\"@type\":\"PropertyValueSpecification\",\"valueRequired\":true,\"valueName\":\"search_term_string\"}}],\"inLanguage\":\"es\"},{\"@type\":\"Organization\",\"@id\":\"https:\/\/quedaenvaldeorras.com\/#organization\",\"name\":\"Concello de O Barco\",\"url\":\"https:\/\/quedaenvaldeorras.com\/\",\"logo\":{\"@type\":\"ImageObject\",\"inLanguage\":\"es\",\"@id\":\"https:\/\/quedaenvaldeorras.com\/#\/schema\/logo\/image\/\",\"url\":\"https:\/\/quedaenvaldeorras.com\/wp-content\/uploads\/2021\/11\/Queda-en-Valdeorras.png\",\"contentUrl\":\"https:\/\/quedaenvaldeorras.com\/wp-content\/uploads\/2021\/11\/Queda-en-Valdeorras.png\",\"width\":254,\"height\":198,\"caption\":\"Concello de O Barco\"},\"image\":{\"@id\":\"https:\/\/quedaenvaldeorras.com\/#\/schema\/logo\/image\/\"},\"sameAs\":[\"https:\/\/www.facebook.com\/quedaenvaldeorras\/\",\"https:\/\/www.instagram.com\/quedaenvaldeorras\/\"]}]}<\/script>\n<!-- \/ Yoast SEO plugin. -->","yoast_head_json":{"title":"Pol\u00edtica de cookies - Queda en Valdeorras","robots":{"index":"noindex","follow":"nofollow"},"og_locale":"es_ES","og_type":"article","og_title":"Pol\u00edtica de cookies - Queda en Valdeorras","og_description":"Pol\u00edtica de cookies Una cookie es un peque\u00f1o archivo de texto que se almacena en su navegador cuando visita casi cualquier p\u00e1gina web. Su utilidad es que la web sea capaz de recordar su visita cuando vuelva a navegar por esa p\u00e1gina. Las cookies suelen almacenar [&hellip;]","og_url":"https:\/\/quedaenvaldeorras.com\/es\/politica-de-cookies\/","og_site_name":"Queda en Valdeorras","article_publisher":"https:\/\/www.facebook.com\/quedaenvaldeorras\/","article_modified_time":"2024-07-22T07:15:11+00:00","og_image":[{"width":1200,"height":628,"url":"https:\/\/quedaenvaldeorras.com\/wp-content\/uploads\/2023\/05\/queda_en_valdeorras.jpg","type":"image\/jpeg"}],"twitter_card":"summary_large_image","schema":{"@context":"https:\/\/schema.org","@graph":[{"@type":"WebPage","@id":"https:\/\/quedaenvaldeorras.com\/es\/politica-de-cookies\/","url":"https:\/\/quedaenvaldeorras.com\/es\/politica-de-cookies\/","name":"Pol\u00edtica de cookies - Queda en Valdeorras","isPartOf":{"@id":"https:\/\/quedaenvaldeorras.com\/#website"},"datePublished":"2022-05-19T06:48:19+00:00","dateModified":"2024-07-22T07:15:11+00:00","breadcrumb":{"@id":"https:\/\/quedaenvaldeorras.com\/es\/politica-de-cookies\/#breadcrumb"},"inLanguage":"es","potentialAction":[{"@type":"ReadAction","target":["https:\/\/quedaenvaldeorras.com\/es\/politica-de-cookies\/"]}]},{"@type":"BreadcrumbList","@id":"https:\/\/quedaenvaldeorras.com\/es\/politica-de-cookies\/#breadcrumb","itemListElement":[{"@type":"ListItem","position":1,"name":"Portada","item":"https:\/\/quedaenvaldeorras.com\/es\/"},{"@type":"ListItem","position":2,"name":"Pol\u00edtica de cookies"}]},{"@type":"WebSite","@id":"https:\/\/quedaenvaldeorras.com\/#website","url":"https:\/\/quedaenvaldeorras.com\/","name":"Queda en Valdeorras","description":"Informaci&oacute;n tur&iacute;stica e de servizos sobre a comarca de Valdeorras","publisher":{"@id":"https:\/\/quedaenvaldeorras.com\/#organization"},"potentialAction":[{"@type":"SearchAction","target":{"@type":"EntryPoint","urlTemplate":"https:\/\/quedaenvaldeorras.com\/?s={search_term_string}"},"query-input":{"@type":"PropertyValueSpecification","valueRequired":true,"valueName":"search_term_string"}}],"inLanguage":"es"},{"@type":"Organization","@id":"https:\/\/quedaenvaldeorras.com\/#organization","name":"Concello de O Barco","url":"https:\/\/quedaenvaldeorras.com\/","logo":{"@type":"ImageObject","inLanguage":"es","@id":"https:\/\/quedaenvaldeorras.com\/#\/schema\/logo\/image\/","url":"https:\/\/quedaenvaldeorras.com\/wp-content\/uploads\/2021\/11\/Queda-en-Valdeorras.png","contentUrl":"https:\/\/quedaenvaldeorras.com\/wp-content\/uploads\/2021\/11\/Queda-en-Valdeorras.png","width":254,"height":198,"caption":"Concello de O Barco"},"image":{"@id":"https:\/\/quedaenvaldeorras.com\/#\/schema\/logo\/image\/"},"sameAs":["https:\/\/www.facebook.com\/quedaenvaldeorras\/","https:\/\/www.instagram.com\/quedaenvaldeorras\/"]}]}},"_links":{"self":[{"href":"https:\/\/quedaenvaldeorras.com\/es\/wp-json\/wp\/v2\/pages\/4931","targetHints":{"allow":["GET"]}}],"collection":[{"href":"https:\/\/quedaenvaldeorras.com\/es\/wp-json\/wp\/v2\/pages"}],"about":[{"href":"https:\/\/quedaenvaldeorras.com\/es\/wp-json\/wp\/v2\/types\/page"}],"author":[{"embeddable":true,"href":"https:\/\/quedaenvaldeorras.com\/es\/wp-json\/wp\/v2\/users\/2"}],"replies":[{"embeddable":true,"href":"https:\/\/quedaenvaldeorras.com\/es\/wp-json\/wp\/v2\/comments?post=4931"}],"version-history":[{"count":2,"href":"https:\/\/quedaenvaldeorras.com\/es\/wp-json\/wp\/v2\/pages\/4931\/revisions"}],"predecessor-version":[{"id":5179,"href":"https:\/\/quedaenvaldeorras.com\/es\/wp-json\/wp\/v2\/pages\/4931\/revisions\/5179"}],"wp:attachment":[{"href":"https:\/\/quedaenvaldeorras.com\/es\/wp-json\/wp\/v2\/media?parent=4931"}],"curies":[{"name":"wp","href":"https:\/\/api.w.org\/{rel}","templated":true}]}}